{"id":1749,"date":"2026-01-18T16:54:35","date_gmt":"2026-01-18T16:54:35","guid":{"rendered":"http:\/\/www.borsadesifre.com\/blog\/?page_id=1749"},"modified":"2026-01-18T16:54:35","modified_gmt":"2026-01-18T16:54:35","slug":"hakkimizda","status":"publish","type":"page","link":"https:\/\/www.basaksehirvadiyaka.com\/index.php\/hakkimizda\/","title":{"rendered":"HAKKIMIZDA"},"content":{"rendered":"<p><strong>VAD\u0130YAKA BA\u015eAK\u015eEH\u0130R<\/strong><\/p>\n<p>Ba\u015fak\u015fehir&#8217;de y\u00fckselen &#8216;VAD\u0130YAKA&#8217;, metro istasyonuna bir dakika, \u015eehir Hastanesi&#8217;ne 2 dakika ve \u015fehrin en b\u00fcy\u00fck rekreasyon alan\u0131 olan \u0130stanbul Botanik Bah\u00e7esi&#8217;ne 5 dakika mesafede, kav\u015fak noktas\u0131nda podyum kule yakla\u015f\u0131m\u0131n\u0131 getiriyor.<\/p>\n<p>25.06.2015 tarihinde yap\u0131 ruhsat\u0131 al\u0131nan projede, 20.09.2017 tarihinde 3 blok ve otoparklar i\u00e7in tadilat ruhsat\u0131 al\u0131nm\u0131\u015f ve proje 11.12.2017 tarihinde tamamlanarak yap\u0131 kullanma izin belgesi\/iskan al\u0131nm\u0131\u015ft\u0131r.<\/p>\n<p>Fuzul GYO m\u00fclkiyetinde bulunan 17.609,34 m\u00b2 arsa \u00fczerinde geli\u015ftirilen Vadiyaka Ba\u015fak\u015fehir projesi 79.201 m\u00b2 in\u015faat alan\u0131na sahip olup, 8 blokta toplam 417 ba\u011f\u0131ms\u0131z b\u00f6l\u00fcmden meydana gelmektedir. Sitemizde, 2+1, 3+1 ve 4+1 daire se\u00e7enekleri ile 361 adet konut ve 56 adet cadde ma\u011faza karmas\u0131 bulunmaktad\u0131r.<\/p>\n","protected":false},"excerpt":{"rendered":"<p>VAD\u0130YAKA BA\u015eAK\u015eEH\u0130R Ba\u015fak\u015fehir&#8217;de y\u00fckselen &#8216;VAD\u0130YAKA&#8217;, metro istasyonuna bir dakika, \u015eehir Hastanesi&#8217;ne 2 dakika ve \u015fehrin en b\u00fcy\u00fck rekreasyon alan\u0131 olan \u0130stanbul Botanik Bah\u00e7esi&#8217;ne 5 dakika mesafede, kav\u015fak noktas\u0131nda podyum kule yakla\u015f\u0131m\u0131n\u0131 getiriyor. 25.06.2015 tarihinde yap\u0131 ruhsat\u0131 al\u0131nan projede, 20.09.2017 tarihinde 3 blok ve otoparklar i\u00e7in tadilat ruhsat\u0131 al\u0131nm\u0131\u015f ve proje 11.12.2017 tarihinde tamamlanarak yap\u0131 kullanma izin belgesi\/iskan al\u0131nm\u0131\u015ft\u0131r. Fuzul GYO m\u00fclkiyetinde bulunan 17.609,34 m\u00b2 arsa \u00fczerinde geli\u015ftirilen Vadiyaka Ba\u015fak\u015fehir projesi 79.201 m\u00b2 in\u015faat alan\u0131na sahip olup, 8 blokta toplam 417 ba\u011f\u0131ms\u0131z b\u00f6l\u00fcmden meydana gelmektedir. Sitemizde, 2+1, 3+1 ve 4+1 daire se\u00e7enekleri ile 361 adet konut ve 56 adet cadde ma\u011faza&#8230; <\/p>\n","protected":false},"author":1,"featured_media":0,"parent":0,"menu_order":0,"comment_status":"closed","ping_status":"closed","template":"template-parts\/template-full-width.php","meta":{"footnotes":""},"class_list":["post-1749","page","type-page","status-publish","hentry"],"_links":{"self":[{"href":"https:\/\/www.basaksehirvadiyaka.com\/index.php\/wp-json\/wp\/v2\/pages\/1749","targetHints":{"allow":["GET"]}}],"collection":[{"href":"https:\/\/www.basaksehirvadiyaka.com\/index.php\/wp-json\/wp\/v2\/pages"}],"about":[{"href":"https:\/\/www.basaksehirvadiyaka.com\/index.php\/wp-json\/wp\/v2\/types\/page"}],"author":[{"embeddable":true,"href":"https:\/\/www.basaksehirvadiyaka.com\/index.php\/wp-json\/wp\/v2\/users\/1"}],"replies":[{"embeddable":true,"href":"https:\/\/www.basaksehirvadiyaka.com\/index.php\/wp-json\/wp\/v2\/comments?post=1749"}],"version-history":[{"count":0,"href":"https:\/\/www.basaksehirvadiyaka.com\/index.php\/wp-json\/wp\/v2\/pages\/1749\/revisions"}],"wp:attachment":[{"href":"https:\/\/www.basaksehirvadiyaka.com\/index.php\/wp-json\/wp\/v2\/media?parent=1749"}],"curies":[{"name":"wp","href":"https:\/\/api.w.org\/{rel}","templated":true}]}}