{"id":1750,"date":"2026-01-18T16:54:35","date_gmt":"2026-01-18T16:54:35","guid":{"rendered":"http:\/\/www.borsadesifre.com\/blog\/?page_id=1750"},"modified":"2026-01-18T16:54:35","modified_gmt":"2026-01-18T16:54:35","slug":"site-yonetimi","status":"publish","type":"page","link":"https:\/\/www.basaksehirvadiyaka.com\/index.php\/site-yonetimi\/","title":{"rendered":"S\u0130TE Y\u00d6NET\u0130M\u0130"},"content":{"rendered":"<p style=\"text-align: center;\"><strong>Y\u00d6NET\u0130M KURULU<\/strong><\/p>\n<p style=\"text-align: center;\"><strong>BA\u015eKAN<br \/>\n<\/strong>ERCAN AYHAN<\/p>\n<p style=\"text-align: center;\"><strong>\u00dcYE<br \/>\n<\/strong>HAKAN TEKL\u0130K<br \/>\nABDELSAMEE K\u0130BAR<\/p>\n<p style=\"text-align: center;\">\n<p style=\"text-align: center;\"><strong>DENET\u0130M KURULU \u00dcYELER\u0130<br \/>\n<\/strong>FARUK AYDIN<br \/>\nOKTAY KARADEN\u0130Z<br \/>\nABDULVEL\u0130 SABIRLI<\/p>\n","protected":false},"excerpt":{"rendered":"<p>Y\u00d6NET\u0130M KURULU BA\u015eKAN ERCAN AYHAN \u00dcYE HAKAN TEKL\u0130K ABDELSAMEE K\u0130BAR DENET\u0130M KURULU \u00dcYELER\u0130 FARUK AYDIN OKTAY KARADEN\u0130Z ABDULVEL\u0130 SABIRLI<\/p>\n","protected":false},"author":1,"featured_media":0,"parent":0,"menu_order":0,"comment_status":"closed","ping_status":"closed","template":"template-parts\/template-full-width.php","meta":{"footnotes":""},"class_list":["post-1750","page","type-page","status-publish","hentry"],"_links":{"self":[{"href":"https:\/\/www.basaksehirvadiyaka.com\/index.php\/wp-json\/wp\/v2\/pages\/1750","targetHints":{"allow":["GET"]}}],"collection":[{"href":"https:\/\/www.basaksehirvadiyaka.com\/index.php\/wp-json\/wp\/v2\/pages"}],"about":[{"href":"https:\/\/www.basaksehirvadiyaka.com\/index.php\/wp-json\/wp\/v2\/types\/page"}],"author":[{"embeddable":true,"href":"https:\/\/www.basaksehirvadiyaka.com\/index.php\/wp-json\/wp\/v2\/users\/1"}],"replies":[{"embeddable":true,"href":"https:\/\/www.basaksehirvadiyaka.com\/index.php\/wp-json\/wp\/v2\/comments?post=1750"}],"version-history":[{"count":0,"href":"https:\/\/www.basaksehirvadiyaka.com\/index.php\/wp-json\/wp\/v2\/pages\/1750\/revisions"}],"wp:attachment":[{"href":"https:\/\/www.basaksehirvadiyaka.com\/index.php\/wp-json\/wp\/v2\/media?parent=1750"}],"curies":[{"name":"wp","href":"https:\/\/api.w.org\/{rel}","templated":true}]}}