{"id":1752,"date":"2026-01-18T16:54:35","date_gmt":"2026-01-18T16:54:35","guid":{"rendered":"http:\/\/www.borsadesifre.com\/blog\/?page_id=1752"},"modified":"2026-01-18T16:54:35","modified_gmt":"2026-01-18T16:54:35","slug":"konutlar","status":"publish","type":"page","link":"https:\/\/www.basaksehirvadiyaka.com\/index.php\/konutlar\/","title":{"rendered":"KONUTLAR"},"content":{"rendered":"<p><strong>Her Aileye Uygun Se\u00e7enekler<\/strong><\/p>\n<p>VAD\u0130YAKA Sitesi hep d\u00fc\u015fledi\u011finiz \u015fehir g\u00fcr\u00fclt\u00fcs\u00fcnden uzak bir ya\u015fam\u0131n kap\u0131s\u0131n\u0131 aral\u0131yor. Sizlere Ba\u015fak\u015fehir gibi modern ve farkl\u0131 bir kentte ya\u015fama imkan\u0131 sunuyor. Siz de \u015fehrin kalabal\u0131\u011f\u0131ndan uzakta, g\u00fcvenlikli bir sitede bu huzur dolu ortam\u0131n sakinleri aras\u0131nda yerinizi al\u0131n.<\/p>\n<p>8 blokta toplam 417 ba\u011f\u0131ms\u0131z b\u00f6l\u00fcmden meydana gelmektedir. Sitemizde, 2+1, 3+1 ve 4+1 daire se\u00e7enekleri ile 361 adet konut ve 56 adet cadde ma\u011faza karmas\u0131 bulunmaktad\u0131r.<\/p>\n<p>&nbsp;<\/p>\n<p><strong><img loading=\"lazy\" decoding=\"async\" class=\"aligncenter wp-image-1835 size-full\" src=\"https:\/\/www.basaksehirvadiyaka.com\/wp-content\/uploads\/2026\/01\/a-blok-31-vadi-tarafi.png\" alt=\"\" width=\"807\" height=\"555\" srcset=\"https:\/\/www.basaksehirvadiyaka.com\/wp-content\/uploads\/2026\/01\/a-blok-31-vadi-tarafi.png 807w, https:\/\/www.basaksehirvadiyaka.com\/wp-content\/uploads\/2026\/01\/a-blok-31-vadi-tarafi-300x206.png 300w, https:\/\/www.basaksehirvadiyaka.com\/wp-content\/uploads\/2026\/01\/a-blok-31-vadi-tarafi-768x528.png 768w\" sizes=\"auto, (max-width: 807px) 100vw, 807px\" \/><\/strong><\/p>\n<p><img loading=\"lazy\" decoding=\"async\" class=\"aligncenter wp-image-1836 size-full\" src=\"https:\/\/www.basaksehirvadiyaka.com\/wp-content\/uploads\/2026\/01\/a-blok-31-site-ici.png\" alt=\"\" width=\"807\" height=\"555\" srcset=\"https:\/\/www.basaksehirvadiyaka.com\/wp-content\/uploads\/2026\/01\/a-blok-31-site-ici.png 807w, https:\/\/www.basaksehirvadiyaka.com\/wp-content\/uploads\/2026\/01\/a-blok-31-site-ici-300x206.png 300w, https:\/\/www.basaksehirvadiyaka.com\/wp-content\/uploads\/2026\/01\/a-blok-31-site-ici-768x528.png 768w\" sizes=\"auto, (max-width: 807px) 100vw, 807px\" \/><\/p>\n<p><img loading=\"lazy\" decoding=\"async\" class=\"aligncenter wp-image-1837 size-full\" src=\"https:\/\/www.basaksehirvadiyaka.com\/wp-content\/uploads\/2026\/01\/a-blok-41-sol-kenar.png\" alt=\"\" width=\"807\" height=\"555\" srcset=\"https:\/\/www.basaksehirvadiyaka.com\/wp-content\/uploads\/2026\/01\/a-blok-41-sol-kenar.png 807w, https:\/\/www.basaksehirvadiyaka.com\/wp-content\/uploads\/2026\/01\/a-blok-41-sol-kenar-300x206.png 300w, https:\/\/www.basaksehirvadiyaka.com\/wp-content\/uploads\/2026\/01\/a-blok-41-sol-kenar-768x528.png 768w\" sizes=\"auto, (max-width: 807px) 100vw, 807px\" \/><\/p>\n<p><img loading=\"lazy\" decoding=\"async\" class=\"aligncenter wp-image-1838 size-full\" src=\"https:\/\/www.basaksehirvadiyaka.com\/wp-content\/uploads\/2026\/01\/b-blok-31-sag-kenar.png\" alt=\"\" width=\"807\" height=\"555\" srcset=\"https:\/\/www.basaksehirvadiyaka.com\/wp-content\/uploads\/2026\/01\/b-blok-31-sag-kenar.png 807w, https:\/\/www.basaksehirvadiyaka.com\/wp-content\/uploads\/2026\/01\/b-blok-31-sag-kenar-300x206.png 300w, https:\/\/www.basaksehirvadiyaka.com\/wp-content\/uploads\/2026\/01\/b-blok-31-sag-kenar-768x528.png 768w\" sizes=\"auto, (max-width: 807px) 100vw, 807px\" \/><\/p>\n<p><img loading=\"lazy\" decoding=\"async\" class=\"aligncenter wp-image-1839 size-full\" src=\"https:\/\/www.basaksehirvadiyaka.com\/wp-content\/uploads\/2026\/01\/b-blok-21.png\" alt=\"\" width=\"807\" height=\"555\" srcset=\"https:\/\/www.basaksehirvadiyaka.com\/wp-content\/uploads\/2026\/01\/b-blok-21.png 807w, https:\/\/www.basaksehirvadiyaka.com\/wp-content\/uploads\/2026\/01\/b-blok-21-300x206.png 300w, https:\/\/www.basaksehirvadiyaka.com\/wp-content\/uploads\/2026\/01\/b-blok-21-768x528.png 768w\" sizes=\"auto, (max-width: 807px) 100vw, 807px\" \/><\/p>\n<p><img loading=\"lazy\" decoding=\"async\" class=\"aligncenter wp-image-1840 size-full\" src=\"https:\/\/www.basaksehirvadiyaka.com\/wp-content\/uploads\/2026\/01\/b-blok-31-site-ici.png\" alt=\"\" width=\"807\" height=\"555\" srcset=\"https:\/\/www.basaksehirvadiyaka.com\/wp-content\/uploads\/2026\/01\/b-blok-31-site-ici.png 807w, https:\/\/www.basaksehirvadiyaka.com\/wp-content\/uploads\/2026\/01\/b-blok-31-site-ici-300x206.png 300w, https:\/\/www.basaksehirvadiyaka.com\/wp-content\/uploads\/2026\/01\/b-blok-31-site-ici-768x528.png 768w\" sizes=\"auto, (max-width: 807px) 100vw, 807px\" \/><\/p>\n<p>&nbsp;<\/p>\n","protected":false},"excerpt":{"rendered":"<p>Her Aileye Uygun Se\u00e7enekler VAD\u0130YAKA Sitesi hep d\u00fc\u015fledi\u011finiz \u015fehir g\u00fcr\u00fclt\u00fcs\u00fcnden uzak bir ya\u015fam\u0131n kap\u0131s\u0131n\u0131 aral\u0131yor. Sizlere Ba\u015fak\u015fehir gibi modern ve farkl\u0131 bir kentte ya\u015fama imkan\u0131 sunuyor. Siz de \u015fehrin kalabal\u0131\u011f\u0131ndan uzakta, g\u00fcvenlikli bir sitede bu huzur dolu ortam\u0131n sakinleri aras\u0131nda yerinizi al\u0131n. 8 blokta toplam 417 ba\u011f\u0131ms\u0131z b\u00f6l\u00fcmden meydana gelmektedir. Sitemizde, 2+1, 3+1 ve 4+1 daire se\u00e7enekleri ile 361 adet konut ve 56 adet cadde ma\u011faza karmas\u0131 bulunmaktad\u0131r. &nbsp; &nbsp;<\/p>\n","protected":false},"author":1,"featured_media":0,"parent":0,"menu_order":0,"comment_status":"closed","ping_status":"closed","template":"template-parts\/template-full-width.php","meta":{"footnotes":""},"class_list":["post-1752","page","type-page","status-publish","hentry"],"_links":{"self":[{"href":"https:\/\/www.basaksehirvadiyaka.com\/index.php\/wp-json\/wp\/v2\/pages\/1752","targetHints":{"allow":["GET"]}}],"collection":[{"href":"https:\/\/www.basaksehirvadiyaka.com\/index.php\/wp-json\/wp\/v2\/pages"}],"about":[{"href":"https:\/\/www.basaksehirvadiyaka.com\/index.php\/wp-json\/wp\/v2\/types\/page"}],"author":[{"embeddable":true,"href":"https:\/\/www.basaksehirvadiyaka.com\/index.php\/wp-json\/wp\/v2\/users\/1"}],"replies":[{"embeddable":true,"href":"https:\/\/www.basaksehirvadiyaka.com\/index.php\/wp-json\/wp\/v2\/comments?post=1752"}],"version-history":[{"count":0,"href":"https:\/\/www.basaksehirvadiyaka.com\/index.php\/wp-json\/wp\/v2\/pages\/1752\/revisions"}],"wp:attachment":[{"href":"https:\/\/www.basaksehirvadiyaka.com\/index.php\/wp-json\/wp\/v2\/media?parent=1752"}],"curies":[{"name":"wp","href":"https:\/\/api.w.org\/{rel}","templated":true}]}}