{"id":1842,"date":"2026-01-25T14:15:07","date_gmt":"2026-01-25T14:15:07","guid":{"rendered":"http:\/\/www.borsadesifre.com\/blog\/?page_id=1842"},"modified":"2026-01-25T14:15:07","modified_gmt":"2026-01-25T14:15:07","slug":"teknik","status":"publish","type":"page","link":"https:\/\/www.basaksehirvadiyaka.com\/index.php\/teknik\/","title":{"rendered":"TEKN\u0130K"},"content":{"rendered":"<p>Elektrik, su ve dijital sistemler i\u00e7in \u00e7\u00f6z\u00fcm sa\u011flayan personellerimize y\u00f6netim arac\u0131l\u0131\u011f\u0131 ile ula\u015fabilirsiniz.<\/p>\n","protected":false},"excerpt":{"rendered":"<p>Elektrik, su ve dijital sistemler i\u00e7in \u00e7\u00f6z\u00fcm sa\u011flayan personellerimize y\u00f6netim arac\u0131l\u0131\u011f\u0131 ile ula\u015fabilirsiniz.<\/p>\n","protected":false},"author":1,"featured_media":0,"parent":0,"menu_order":0,"comment_status":"closed","ping_status":"closed","template":"template-parts\/template-full-width.php","meta":{"footnotes":""},"class_list":["post-1842","page","type-page","status-publish","hentry"],"_links":{"self":[{"href":"https:\/\/www.basaksehirvadiyaka.com\/index.php\/wp-json\/wp\/v2\/pages\/1842","targetHints":{"allow":["GET"]}}],"collection":[{"href":"https:\/\/www.basaksehirvadiyaka.com\/index.php\/wp-json\/wp\/v2\/pages"}],"about":[{"href":"https:\/\/www.basaksehirvadiyaka.com\/index.php\/wp-json\/wp\/v2\/types\/page"}],"author":[{"embeddable":true,"href":"https:\/\/www.basaksehirvadiyaka.com\/index.php\/wp-json\/wp\/v2\/users\/1"}],"replies":[{"embeddable":true,"href":"https:\/\/www.basaksehirvadiyaka.com\/index.php\/wp-json\/wp\/v2\/comments?post=1842"}],"version-history":[{"count":0,"href":"https:\/\/www.basaksehirvadiyaka.com\/index.php\/wp-json\/wp\/v2\/pages\/1842\/revisions"}],"wp:attachment":[{"href":"https:\/\/www.basaksehirvadiyaka.com\/index.php\/wp-json\/wp\/v2\/media?parent=1842"}],"curies":[{"name":"wp","href":"https:\/\/api.w.org\/{rel}","templated":true}]}}