{"id":1846,"date":"2026-01-25T14:15:22","date_gmt":"2026-01-25T14:15:22","guid":{"rendered":"http:\/\/www.borsadesifre.com\/blog\/?page_id=1846"},"modified":"2026-01-25T14:15:22","modified_gmt":"2026-01-25T14:15:22","slug":"temizlik","status":"publish","type":"page","link":"https:\/\/www.basaksehirvadiyaka.com\/index.php\/temizlik\/","title":{"rendered":"TEM\u0130ZL\u0130K"},"content":{"rendered":"<p>Blok g\u00f6revlilerimiz g\u00fcnl\u00fck olarak temizlik i\u015flerini yerine getirmektedirler.<\/p>\n","protected":false},"excerpt":{"rendered":"<p>Blok g\u00f6revlilerimiz g\u00fcnl\u00fck olarak temizlik i\u015flerini yerine getirmektedirler.<\/p>\n","protected":false},"author":1,"featured_media":0,"parent":0,"menu_order":0,"comment_status":"closed","ping_status":"closed","template":"template-parts\/template-full-width.php","meta":{"footnotes":""},"class_list":["post-1846","page","type-page","status-publish","hentry"],"_links":{"self":[{"href":"https:\/\/www.basaksehirvadiyaka.com\/index.php\/wp-json\/wp\/v2\/pages\/1846","targetHints":{"allow":["GET"]}}],"collection":[{"href":"https:\/\/www.basaksehirvadiyaka.com\/index.php\/wp-json\/wp\/v2\/pages"}],"about":[{"href":"https:\/\/www.basaksehirvadiyaka.com\/index.php\/wp-json\/wp\/v2\/types\/page"}],"author":[{"embeddable":true,"href":"https:\/\/www.basaksehirvadiyaka.com\/index.php\/wp-json\/wp\/v2\/users\/1"}],"replies":[{"embeddable":true,"href":"https:\/\/www.basaksehirvadiyaka.com\/index.php\/wp-json\/wp\/v2\/comments?post=1846"}],"version-history":[{"count":0,"href":"https:\/\/www.basaksehirvadiyaka.com\/index.php\/wp-json\/wp\/v2\/pages\/1846\/revisions"}],"wp:attachment":[{"href":"https:\/\/www.basaksehirvadiyaka.com\/index.php\/wp-json\/wp\/v2\/media?parent=1846"}],"curies":[{"name":"wp","href":"https:\/\/api.w.org\/{rel}","templated":true}]}}