{"id":1878,"date":"2026-01-25T15:17:27","date_gmt":"2026-01-25T15:17:27","guid":{"rendered":"http:\/\/www.borsadesifre.com\/blog\/?page_id=1878"},"modified":"2026-01-25T15:17:27","modified_gmt":"2026-01-25T15:17:27","slug":"site-yasam-kurallari","status":"publish","type":"page","link":"https:\/\/www.basaksehirvadiyaka.com\/index.php\/site-yasam-kurallari\/","title":{"rendered":"S\u0130TE YA\u015eAM KURALLARI"},"content":{"rendered":"<p><strong><u>VAD\u0130YAKA S\u0130TE Y\u00d6NET\u0130M\u0130 YA\u015eAM KURALLARI<\/u><\/strong><\/p>\n<ul>\n<li>Kap\u0131 \u00f6nlerinde ve yang\u0131n merdiven bo\u015fluklar\u0131nda e\u015fya, paspas, bebek arabas\u0131, bisiklet, ayakkab\u0131, ayakkab\u0131l\u0131k vb. \u00fcr\u00fcnler b\u0131rakmak yasakt\u0131r.<\/li>\n<li>Otoparkta bulunan i\u015faretlenmi\u015f park alanlar\u0131na, park ederken dikkat edilmesini rica ederiz.<\/li>\n<li>Camlardan hal\u0131, kilim, sofra bezi vb. \u015feyler silkelemek kesinlikle yasakt\u0131r.<\/li>\n<li>Katlarda bulunan \u00e7\u00f6p konteynerlerine \u00e7\u00f6p atarken \u00e7\u00f6p\u00fcn akmad\u0131\u011f\u0131na ve a\u011fz\u0131 ba\u011fl\u0131 olarak at\u0131ld\u0131\u011f\u0131ndan emin olunuz.<\/li>\n<li>Cam ve balkonlarda \u00e7ama\u015f\u0131r, hal\u0131, kilim vb. asmak-b\u0131rakmak yasakt\u0131r.<\/li>\n<li>Site i\u00e7erisinde ortak kullan\u0131m alanlar\u0131ndaki ara\u00e7 ve gere\u00e7lere zarar verilmemesine dikkat edilmelidir.<\/li>\n<li>Peyzajda bulunan s\u00fcs havuzlar\u0131na \u00e7\u00f6p vb. \u00fcr\u00fcnler atmak yasakt\u0131r.<\/li>\n<li>Peyzajda bulunan s\u00fcs havuzuna girmek kesinlikle yasakt\u0131r.<\/li>\n<li>Kat maliklerinin acil bir durum olmad\u0131\u011f\u0131 s\u00fcrece peyzaj alan\u0131na ara\u00e7la girmesi yasakt\u0131r.<\/li>\n<li>Sosyal tesiste as\u0131lm\u0131\u015f olan kurallara uyulmas\u0131n\u0131 \u00f6nemle rica ederiz.<\/li>\n<li>Peyzaj alan\u0131nda y\u00fcksek sesle ba\u011f\u0131rmak, rahats\u0131z edici hareketlerde bulunmak kesinlikle yasakt\u0131r.<\/li>\n<li>Daire i\u00e7lerinde tadilat, tamirat i\u015flemleri <u>pazar g\u00fcn\u00fc hari\u00e7 10.00 -18.00 aras\u0131 yap\u0131lmaktad\u0131r. <\/u><\/li>\n<li>E\u015fya ta\u015f\u0131ma 09.30 \u2013 17.30 aras\u0131 yap\u0131lmal\u0131d\u0131r. <u>Pazar g\u00fcnleri ta\u015f\u0131nma i\u015flemleri yasakt\u0131r.<\/u><\/li>\n<li>Asans\u00f6r i\u00e7inde bisiklet, market arabas\u0131, vb. ta\u015f\u0131mak yasakt\u0131r.<\/li>\n<li>Otopark ve peyzajda \u00e7ocuklar\u0131n top oynamas\u0131 yasakt\u0131r.<\/li>\n<li>Otopark b\u00f6lgesinde bisiklet, kaykay, paten vb. \u015feyler s\u00fcrmek yasakt\u0131r.<\/li>\n<li><u>Toplu ya\u015fam kurallar\u0131na uymayan site sakinlerine cezai i\u015flem (para cezas\u0131) uygulanacakt\u0131r.<\/u><\/li>\n<\/ul>\n","protected":false},"excerpt":{"rendered":"<p>VAD\u0130YAKA S\u0130TE Y\u00d6NET\u0130M\u0130 YA\u015eAM KURALLARI Kap\u0131 \u00f6nlerinde ve yang\u0131n merdiven bo\u015fluklar\u0131nda e\u015fya, paspas, bebek arabas\u0131, bisiklet, ayakkab\u0131, ayakkab\u0131l\u0131k vb. \u00fcr\u00fcnler b\u0131rakmak yasakt\u0131r. Otoparkta bulunan i\u015faretlenmi\u015f park alanlar\u0131na, park ederken dikkat edilmesini rica ederiz. Camlardan hal\u0131, kilim, sofra bezi vb. \u015feyler silkelemek kesinlikle yasakt\u0131r. Katlarda bulunan \u00e7\u00f6p konteynerlerine \u00e7\u00f6p atarken \u00e7\u00f6p\u00fcn akmad\u0131\u011f\u0131na ve a\u011fz\u0131 ba\u011fl\u0131 olarak at\u0131ld\u0131\u011f\u0131ndan emin olunuz. Cam ve balkonlarda \u00e7ama\u015f\u0131r, hal\u0131, kilim vb. asmak-b\u0131rakmak yasakt\u0131r. Site i\u00e7erisinde ortak kullan\u0131m alanlar\u0131ndaki ara\u00e7 ve gere\u00e7lere zarar verilmemesine dikkat edilmelidir. Peyzajda bulunan s\u00fcs havuzlar\u0131na \u00e7\u00f6p vb. \u00fcr\u00fcnler atmak yasakt\u0131r. Peyzajda bulunan s\u00fcs havuzuna girmek kesinlikle yasakt\u0131r. Kat maliklerinin acil bir durum&#8230; <\/p>\n","protected":false},"author":1,"featured_media":0,"parent":0,"menu_order":0,"comment_status":"closed","ping_status":"closed","template":"template-parts\/template-full-width.php","meta":{"footnotes":""},"class_list":["post-1878","page","type-page","status-publish","hentry"],"_links":{"self":[{"href":"https:\/\/www.basaksehirvadiyaka.com\/index.php\/wp-json\/wp\/v2\/pages\/1878","targetHints":{"allow":["GET"]}}],"collection":[{"href":"https:\/\/www.basaksehirvadiyaka.com\/index.php\/wp-json\/wp\/v2\/pages"}],"about":[{"href":"https:\/\/www.basaksehirvadiyaka.com\/index.php\/wp-json\/wp\/v2\/types\/page"}],"author":[{"embeddable":true,"href":"https:\/\/www.basaksehirvadiyaka.com\/index.php\/wp-json\/wp\/v2\/users\/1"}],"replies":[{"embeddable":true,"href":"https:\/\/www.basaksehirvadiyaka.com\/index.php\/wp-json\/wp\/v2\/comments?post=1878"}],"version-history":[{"count":0,"href":"https:\/\/www.basaksehirvadiyaka.com\/index.php\/wp-json\/wp\/v2\/pages\/1878\/revisions"}],"wp:attachment":[{"href":"https:\/\/www.basaksehirvadiyaka.com\/index.php\/wp-json\/wp\/v2\/media?parent=1878"}],"curies":[{"name":"wp","href":"https:\/\/api.w.org\/{rel}","templated":true}]}}