{"id":1906,"date":"2018-06-14T18:14:48","date_gmt":"2018-06-14T18:14:48","guid":{"rendered":"https:\/\/gracethemes.com\/demo\/combine\/?page_id=618"},"modified":"2018-06-14T18:14:48","modified_gmt":"2018-06-14T18:14:48","slug":"photo-gallery-2","status":"publish","type":"page","link":"https:\/\/www.basaksehirvadiyaka.com\/index.php\/photo-gallery-2\/","title":{"rendered":"Foto Galeri"},"content":{"rendered":"<div class=\"photobooth\"><div class=\"row threecol portfoliowrap\"><div class=\"portfolio\"><div class=\"entry \">\r\n\t\t\t\t\t\t<div class=\"holderwrap\">\r\n\t\t\t\t\t\t  <figure class=\"effect-bubba\"> \r\n\t\t\t\t\t\t  \t<a href=\"https:\/\/www.basaksehirvadiyaka.com\/wp-content\/uploads\/2026\/01\/vadiyaka-basaksehir-5.webp\" data-rel=\"prettyPhoto[bkpGallery]\">\r\n\t\t\t\t\t\t\t <img decoding=\"async\" src=\"https:\/\/www.basaksehirvadiyaka.com\/wp-content\/uploads\/2026\/01\/vadiyaka-basaksehir-5.webp\"\/>\r\n\t\t\t\t\t\t\t <h5>Genel G\u00f6r\u00fcn\u00fcm<\/h5>\r\n\t\t\t\t\t\t\t <figcaption><\/figcaption>\r\n\t\t\t\t\t\t\t<\/a>\t\r\n\t\t\t\t\t\t\t<\/figure>\t\t\t\t\t\t\t\t\t\t\t\t\t\r\n\t\t\t\t\t\t<\/div>\r\n\t\t\t\t\t<\/div><div class=\"entry \">\r\n\t\t\t\t\t\t<div class=\"holderwrap\">\r\n\t\t\t\t\t\t  <figure class=\"effect-bubba\"> \r\n\t\t\t\t\t\t  \t<a href=\"https:\/\/www.basaksehirvadiyaka.com\/wp-content\/uploads\/2026\/01\/vadiyaka-basaksehir-6.webp\" data-rel=\"prettyPhoto[bkpGallery]\">\r\n\t\t\t\t\t\t\t <img decoding=\"async\" src=\"https:\/\/www.basaksehirvadiyaka.com\/wp-content\/uploads\/2026\/01\/vadiyaka-basaksehir-6.webp\"\/>\r\n\t\t\t\t\t\t\t <h5>Ana Giri\u015f<\/h5>\r\n\t\t\t\t\t\t\t <figcaption><\/figcaption>\r\n\t\t\t\t\t\t\t<\/a>\t\r\n\t\t\t\t\t\t\t<\/figure>\t\t\t\t\t\t\t\t\t\t\t\t\t\r\n\t\t\t\t\t\t<\/div>\r\n\t\t\t\t\t<\/div><div class=\"entry \">\r\n\t\t\t\t\t\t<div class=\"holderwrap\">\r\n\t\t\t\t\t\t  <figure class=\"effect-bubba\"> \r\n\t\t\t\t\t\t  \t<a href=\"https:\/\/www.basaksehirvadiyaka.com\/wp-content\/uploads\/2026\/01\/vadiyaka-basaksehir-7.webp\" data-rel=\"prettyPhoto[bkpGallery]\">\r\n\t\t\t\t\t\t\t <img decoding=\"async\" src=\"https:\/\/www.basaksehirvadiyaka.com\/wp-content\/uploads\/2026\/01\/vadiyaka-basaksehir-7.webp\"\/>\r\n\t\t\t\t\t\t\t <h5>Park Alan\u0131<\/h5>\r\n\t\t\t\t\t\t\t <figcaption><\/figcaption>\r\n\t\t\t\t\t\t\t<\/a>\t\r\n\t\t\t\t\t\t\t<\/figure>\t\t\t\t\t\t\t\t\t\t\t\t\t\r\n\t\t\t\t\t\t<\/div>\r\n\t\t\t\t\t<\/div><div class=\"entry \">\r\n\t\t\t\t\t\t<div class=\"holderwrap\">\r\n\t\t\t\t\t\t  <figure class=\"effect-bubba\"> \r\n\t\t\t\t\t\t  \t<a href=\"https:\/\/www.basaksehirvadiyaka.com\/wp-content\/uploads\/2026\/01\/vadiyaka-basaksehir.webp\" data-rel=\"prettyPhoto[bkpGallery]\">\r\n\t\t\t\t\t\t\t <img decoding=\"async\" src=\"https:\/\/www.basaksehirvadiyaka.com\/wp-content\/uploads\/2026\/01\/vadiyaka-basaksehir.webp\"\/>\r\n\t\t\t\t\t\t\t <h5>Binalar<\/h5>\r\n\t\t\t\t\t\t\t <figcaption><\/figcaption>\r\n\t\t\t\t\t\t\t<\/a>\t\r\n\t\t\t\t\t\t\t<\/figure>\t\t\t\t\t\t\t\t\t\t\t\t\t\r\n\t\t\t\t\t\t<\/div>\r\n\t\t\t\t\t<\/div><div class=\"entry \">\r\n\t\t\t\t\t\t<div class=\"holderwrap\">\r\n\t\t\t\t\t\t  <figure class=\"effect-bubba\"> \r\n\t\t\t\t\t\t  \t<a href=\"https:\/\/www.basaksehirvadiyaka.com\/wp-content\/uploads\/2026\/01\/vadiyaka-basaksehir-1.webp\" data-rel=\"prettyPhoto[bkpGallery]\">\r\n\t\t\t\t\t\t\t <img decoding=\"async\" src=\"https:\/\/www.basaksehirvadiyaka.com\/wp-content\/uploads\/2026\/01\/vadiyaka-basaksehir-1.webp\"\/>\r\n\t\t\t\t\t\t\t <h5>Binalar<\/h5>\r\n\t\t\t\t\t\t\t <figcaption><\/figcaption>\r\n\t\t\t\t\t\t\t<\/a>\t\r\n\t\t\t\t\t\t\t<\/figure>\t\t\t\t\t\t\t\t\t\t\t\t\t\r\n\t\t\t\t\t\t<\/div>\r\n\t\t\t\t\t<\/div><div class=\"entry \">\r\n\t\t\t\t\t\t<div class=\"holderwrap\">\r\n\t\t\t\t\t\t  <figure class=\"effect-bubba\"> \r\n\t\t\t\t\t\t  \t<a href=\"https:\/\/www.basaksehirvadiyaka.com\/wp-content\/uploads\/2026\/01\/vadiyaka-basaksehir-2.webp\" data-rel=\"prettyPhoto[bkpGallery]\">\r\n\t\t\t\t\t\t\t <img decoding=\"async\" src=\"https:\/\/www.basaksehirvadiyaka.com\/wp-content\/uploads\/2026\/01\/vadiyaka-basaksehir-2.webp\"\/>\r\n\t\t\t\t\t\t\t <h5>\u00c7ar\u015f\u0131 Alan\u0131<\/h5>\r\n\t\t\t\t\t\t\t <figcaption><\/figcaption>\r\n\t\t\t\t\t\t\t<\/a>\t\r\n\t\t\t\t\t\t\t<\/figure>\t\t\t\t\t\t\t\t\t\t\t\t\t\r\n\t\t\t\t\t\t<\/div>\r\n\t\t\t\t\t<\/div><div class=\"entry \">\r\n\t\t\t\t\t\t<div class=\"holderwrap\">\r\n\t\t\t\t\t\t  <figure class=\"effect-bubba\"> \r\n\t\t\t\t\t\t  \t<a href=\"https:\/\/www.basaksehirvadiyaka.com\/wp-content\/uploads\/2026\/01\/vadiyaka-basaksehir-3.webp\" data-rel=\"prettyPhoto[bkpGallery]\">\r\n\t\t\t\t\t\t\t <img decoding=\"async\" src=\"https:\/\/www.basaksehirvadiyaka.com\/wp-content\/uploads\/2026\/01\/vadiyaka-basaksehir-3.webp\"\/>\r\n\t\t\t\t\t\t\t <h5>\u00c7ar\u015f\u0131 Alan\u0131<\/h5>\r\n\t\t\t\t\t\t\t <figcaption><\/figcaption>\r\n\t\t\t\t\t\t\t<\/a>\t\r\n\t\t\t\t\t\t\t<\/figure>\t\t\t\t\t\t\t\t\t\t\t\t\t\r\n\t\t\t\t\t\t<\/div>\r\n\t\t\t\t\t<\/div><div class=\"entry \">\r\n\t\t\t\t\t\t<div class=\"holderwrap\">\r\n\t\t\t\t\t\t  <figure class=\"effect-bubba\"> \r\n\t\t\t\t\t\t  \t<a href=\"https:\/\/www.basaksehirvadiyaka.com\/wp-content\/uploads\/2026\/01\/vadiyaka-basaksehir-4.webp\" data-rel=\"prettyPhoto[bkpGallery]\">\r\n\t\t\t\t\t\t\t <img decoding=\"async\" src=\"https:\/\/www.basaksehirvadiyaka.com\/wp-content\/uploads\/2026\/01\/vadiyaka-basaksehir-4.webp\"\/>\r\n\t\t\t\t\t\t\t <h5>Park Alan\u0131<\/h5>\r\n\t\t\t\t\t\t\t <figcaption><\/figcaption>\r\n\t\t\t\t\t\t\t<\/a>\t\r\n\t\t\t\t\t\t\t<\/figure>\t\t\t\t\t\t\t\t\t\t\t\t\t\r\n\t\t\t\t\t\t<\/div>\r\n\t\t\t\t\t<\/div><\/div><\/div><\/div>\n","protected":false},"excerpt":{"rendered":"","protected":false},"author":1,"featured_media":0,"parent":0,"menu_order":0,"comment_status":"closed","ping_status":"closed","template":"template-parts\/template-full-width.php","meta":{"footnotes":""},"class_list":["post-1906","page","type-page","status-publish","hentry"],"_links":{"self":[{"href":"https:\/\/www.basaksehirvadiyaka.com\/index.php\/wp-json\/wp\/v2\/pages\/1906","targetHints":{"allow":["GET"]}}],"collection":[{"href":"https:\/\/www.basaksehirvadiyaka.com\/index.php\/wp-json\/wp\/v2\/pages"}],"about":[{"href":"https:\/\/www.basaksehirvadiyaka.com\/index.php\/wp-json\/wp\/v2\/types\/page"}],"author":[{"embeddable":true,"href":"https:\/\/www.basaksehirvadiyaka.com\/index.php\/wp-json\/wp\/v2\/users\/1"}],"replies":[{"embeddable":true,"href":"https:\/\/www.basaksehirvadiyaka.com\/index.php\/wp-json\/wp\/v2\/comments?post=1906"}],"version-history":[{"count":0,"href":"https:\/\/www.basaksehirvadiyaka.com\/index.php\/wp-json\/wp\/v2\/pages\/1906\/revisions"}],"wp:attachment":[{"href":"https:\/\/www.basaksehirvadiyaka.com\/index.php\/wp-json\/wp\/v2\/media?parent=1906"}],"curies":[{"name":"wp","href":"https:\/\/api.w.org\/{rel}","templated":true}]}}