{"id":1907,"date":"2018-09-30T10:13:44","date_gmt":"2018-09-30T10:13:44","guid":{"rendered":"http:\/\/localhost\/www\/Mythemes\/modeling\/?page_id=732"},"modified":"2026-02-06T18:53:13","modified_gmt":"2026-02-06T18:53:13","slug":"iletisim-2","status":"publish","type":"page","link":"https:\/\/www.basaksehirvadiyaka.com\/index.php\/iletisim-2\/","title":{"rendered":"\u0130LET\u0130\u015e\u0130M"},"content":{"rendered":"<p><iframe loading=\"lazy\" style=\"border: 0;\" src=\"https:\/\/www.google.com\/maps\/embed?pb=!1m18!1m12!1m3!1d1242.5174388216549!2d28.784588360149524!3d41.112383313564216!2m3!1f0!2f0!3f0!3m2!1i1024!2i768!4f13.1!3m3!1m2!1s0x14caafef1c0cf0cf%3A0x8e09ef0d03e7f4a7!2sVadiyaka%20Site%20Y%C3%B6netimi!5e1!3m2!1str!2str!4v1770403941912!5m2!1str!2str\" width=\"600\" height=\"450\" allowfullscreen=\"allowfullscreen\"><\/iframe><\/p>\n","protected":false},"excerpt":{"rendered":"","protected":false},"author":1,"featured_media":0,"parent":0,"menu_order":0,"comment_status":"closed","ping_status":"closed","template":"template-parts\/template-contact.php","meta":{"footnotes":""},"class_list":["post-1907","page","type-page","status-publish","hentry"],"_links":{"self":[{"href":"https:\/\/www.basaksehirvadiyaka.com\/index.php\/wp-json\/wp\/v2\/pages\/1907","targetHints":{"allow":["GET"]}}],"collection":[{"href":"https:\/\/www.basaksehirvadiyaka.com\/index.php\/wp-json\/wp\/v2\/pages"}],"about":[{"href":"https:\/\/www.basaksehirvadiyaka.com\/index.php\/wp-json\/wp\/v2\/types\/page"}],"author":[{"embeddable":true,"href":"https:\/\/www.basaksehirvadiyaka.com\/index.php\/wp-json\/wp\/v2\/users\/1"}],"replies":[{"embeddable":true,"href":"https:\/\/www.basaksehirvadiyaka.com\/index.php\/wp-json\/wp\/v2\/comments?post=1907"}],"version-history":[{"count":1,"href":"https:\/\/www.basaksehirvadiyaka.com\/index.php\/wp-json\/wp\/v2\/pages\/1907\/revisions"}],"predecessor-version":[{"id":1983,"href":"https:\/\/www.basaksehirvadiyaka.com\/index.php\/wp-json\/wp\/v2\/pages\/1907\/revisions\/1983"}],"wp:attachment":[{"href":"https:\/\/www.basaksehirvadiyaka.com\/index.php\/wp-json\/wp\/v2\/media?parent=1907"}],"curies":[{"name":"wp","href":"https:\/\/api.w.org\/{rel}","templated":true}]}}