{"id":1908,"date":"2026-01-25T17:41:26","date_gmt":"2026-01-25T17:41:26","guid":{"rendered":"http:\/\/www.borsadesifre.com\/blog\/?page_id=1899"},"modified":"2026-01-25T17:41:26","modified_gmt":"2026-01-25T17:41:26","slug":"peyzaj","status":"publish","type":"page","link":"https:\/\/www.basaksehirvadiyaka.com\/index.php\/peyzaj\/","title":{"rendered":"PEYZAJ"},"content":{"rendered":"<p>Tesis y\u00f6netimi i\u00e7erisinde \u00f6nem kazanan bah\u00e7e bak\u0131m\u0131 ve peyzaj hizmetlerini deneyimli personellerimiz ile sunmaktay\u0131z.<\/p>\n","protected":false},"excerpt":{"rendered":"<p>Tesis y\u00f6netimi i\u00e7erisinde \u00f6nem kazanan bah\u00e7e bak\u0131m\u0131 ve peyzaj hizmetlerini deneyimli personellerimiz ile sunmaktay\u0131z.<\/p>\n","protected":false},"author":1,"featured_media":0,"parent":0,"menu_order":0,"comment_status":"closed","ping_status":"closed","template":"template-parts\/template-full-width.php","meta":{"footnotes":""},"class_list":["post-1908","page","type-page","status-publish","hentry"],"_links":{"self":[{"href":"https:\/\/www.basaksehirvadiyaka.com\/index.php\/wp-json\/wp\/v2\/pages\/1908","targetHints":{"allow":["GET"]}}],"collection":[{"href":"https:\/\/www.basaksehirvadiyaka.com\/index.php\/wp-json\/wp\/v2\/pages"}],"about":[{"href":"https:\/\/www.basaksehirvadiyaka.com\/index.php\/wp-json\/wp\/v2\/types\/page"}],"author":[{"embeddable":true,"href":"https:\/\/www.basaksehirvadiyaka.com\/index.php\/wp-json\/wp\/v2\/users\/1"}],"replies":[{"embeddable":true,"href":"https:\/\/www.basaksehirvadiyaka.com\/index.php\/wp-json\/wp\/v2\/comments?post=1908"}],"version-history":[{"count":0,"href":"https:\/\/www.basaksehirvadiyaka.com\/index.php\/wp-json\/wp\/v2\/pages\/1908\/revisions"}],"wp:attachment":[{"href":"https:\/\/www.basaksehirvadiyaka.com\/index.php\/wp-json\/wp\/v2\/media?parent=1908"}],"curies":[{"name":"wp","href":"https:\/\/api.w.org\/{rel}","templated":true}]}}