{"id":1972,"date":"2026-02-05T12:14:46","date_gmt":"2026-02-05T12:14:46","guid":{"rendered":"https:\/\/www.basaksehirvadiyaka.com\/?page_id=1972"},"modified":"2026-02-05T12:28:45","modified_gmt":"2026-02-05T12:28:45","slug":"aidatodeme","status":"publish","type":"page","link":"https:\/\/www.basaksehirvadiyaka.com\/index.php\/aidatodeme\/","title":{"rendered":"Aidat \u00d6deme"},"content":{"rendered":"<p><span style=\"font-family: Verdana;\">S<\/span><span style=\"font-family: Verdana;\"><img loading=\"lazy\" decoding=\"async\" class=\"size-medium wp-image-1979 alignright\" src=\"https:\/\/www.basaksehirvadiyaka.com\/wp-content\/uploads\/2026\/02\/1-183x300.png\" alt=\"\" width=\"183\" height=\"300\" srcset=\"https:\/\/www.basaksehirvadiyaka.com\/wp-content\/uploads\/2026\/02\/1-183x300.png 183w, https:\/\/www.basaksehirvadiyaka.com\/wp-content\/uploads\/2026\/02\/1.png 365w\" sizes=\"auto, (max-width: 183px) 100vw, 183px\" \/><\/span><span style=\"font-family: Verdana;\">ite y\u00f6netimleri i\u00e7in \u00f6zel olarak tasarlanm\u0131\u015f son teknoloji mobil uygulama Bulut Pro \u015fimdi <strong> <a href=\"https:\/\/play.google.com\/store\/apps\/details?id=com.bulutyonetim.mobile.pro&amp;pcampaignid=web_share\" target=\"_blank\" rel=\"noopener\"> <span style=\"color: #cc3300;\">PlayStore<\/span><\/a><\/strong> ve <strong> <a href=\"https:\/\/apps.apple.com\/us\/app\/bulut-pro\/id6448960108\" target=\"_blank\" rel=\"noopener\"> <span style=\"color: #cc3300;\">App Store<\/span><\/a><\/strong> &#8216;larda! Uygulaman\u0131n kullan\u0131c\u0131 dostu aray\u00fcz\u00fc ile birlikte site y\u00f6netiminizle ilgili t\u00fcm i\u015flemlerinizi kolayla\u015ft\u0131r\u0131n, y\u00f6netiminizle kolayca ileti\u015fim kurarak problemlerinize h\u0131zl\u0131 \u00e7\u00f6z\u00fcmler bulun. Bulut Pro&#8217;yu indirerek siz de bu yenilik\u00e7i platformun bir par\u00e7as\u0131 olun.<\/span><\/p>\n<p><b><span style=\"font-family: Verdana;\">Uygulamada sizleri neler bekliyor?<\/span><\/b><\/p>\n<ul>\n<li><span style=\"font-family: Verdana;\">Ana sayfa ak\u0131\u015f\u0131n\u0131zda sitenizle ilgili t\u00fcm duyuru ve etkinliklerden haberdar olabilirsiniz.<\/span><\/li>\n<li><span style=\"font-family: Verdana;\">Misafir ekleyebilirsiniz.<\/span><\/li>\n<li><span style=\"font-family: Verdana;\">Ara\u00e7lar\u0131n\u0131z\u0131 tan\u0131mlayabilir sitenizde varsa otomatik ge\u00e7i\u015f sistemine entegre edebilirsiniz.<\/span><\/li>\n<li><span style=\"font-family: Verdana;\">Bakiye ve ekstrenizi anl\u0131k g\u00f6rebilirsiniz.<\/span><\/li>\n<li><span style=\"font-family: Verdana;\">Kredi kart\u0131n\u0131zla \u00f6deme yapabilirsiniz.<\/span><\/li>\n<\/ul>\n<p><b><span style=\"font-family: Verdana;\">Android Cihazlar i\u00e7in:<\/span><\/b><\/p>\n<p><span style=\"font-family: Verdana;\"><strong> <a href=\"https:\/\/play.google.com\/store\/apps\/details?id=com.bulutyonetim.mobile.pro&amp;pcampaignid=web_share\" target=\"_blank\" rel=\"noopener\"> <span style=\"color: #cc3300;\">PlayStore<\/span><\/a><\/strong><\/span><\/p>\n<p><b><span style=\"font-family: Verdana;\">iPhone Cihazlar i\u00e7in:<\/span><\/b><\/p>\n<p><span style=\"font-family: Verdana;\"><strong> <a href=\"https:\/\/apps.apple.com\/us\/app\/bulut-pro\/id6448960108\" target=\"_blank\" rel=\"noopener\"> <span style=\"color: #cc3300;\">App Store<\/span><\/a><\/strong><\/span><\/p>\n<p>&nbsp;<\/p>\n<p>&nbsp;<\/p>\n<p>&nbsp;<\/p>\n","protected":false},"excerpt":{"rendered":"<p>Site y\u00f6netimleri i\u00e7in \u00f6zel olarak tasarlanm\u0131\u015f son teknoloji mobil uygulama Bulut Pro \u015fimdi PlayStore ve App Store &#8216;larda! Uygulaman\u0131n kullan\u0131c\u0131 dostu aray\u00fcz\u00fc ile birlikte site y\u00f6netiminizle ilgili t\u00fcm i\u015flemlerinizi kolayla\u015ft\u0131r\u0131n, y\u00f6netiminizle kolayca ileti\u015fim kurarak problemlerinize h\u0131zl\u0131 \u00e7\u00f6z\u00fcmler bulun. Bulut Pro&#8217;yu indirerek siz de bu yenilik\u00e7i platformun bir par\u00e7as\u0131 olun. Uygulamada sizleri neler bekliyor? Ana sayfa ak\u0131\u015f\u0131n\u0131zda sitenizle ilgili t\u00fcm duyuru ve etkinliklerden haberdar olabilirsiniz. Misafir ekleyebilirsiniz. Ara\u00e7lar\u0131n\u0131z\u0131 tan\u0131mlayabilir sitenizde varsa otomatik ge\u00e7i\u015f sistemine entegre edebilirsiniz. Bakiye ve ekstrenizi anl\u0131k g\u00f6rebilirsiniz. Kredi kart\u0131n\u0131zla \u00f6deme yapabilirsiniz. Android Cihazlar i\u00e7in: PlayStore iPhone Cihazlar i\u00e7in: App Store &nbsp; &nbsp; &nbsp;<\/p>\n","protected":false},"author":1,"featured_media":0,"parent":0,"menu_order":0,"comment_status":"closed","ping_status":"closed","template":"template-parts\/template-full-width.php","meta":{"footnotes":""},"class_list":["post-1972","page","type-page","status-publish","hentry"],"_links":{"self":[{"href":"https:\/\/www.basaksehirvadiyaka.com\/index.php\/wp-json\/wp\/v2\/pages\/1972","targetHints":{"allow":["GET"]}}],"collection":[{"href":"https:\/\/www.basaksehirvadiyaka.com\/index.php\/wp-json\/wp\/v2\/pages"}],"about":[{"href":"https:\/\/www.basaksehirvadiyaka.com\/index.php\/wp-json\/wp\/v2\/types\/page"}],"author":[{"embeddable":true,"href":"https:\/\/www.basaksehirvadiyaka.com\/index.php\/wp-json\/wp\/v2\/users\/1"}],"replies":[{"embeddable":true,"href":"https:\/\/www.basaksehirvadiyaka.com\/index.php\/wp-json\/wp\/v2\/comments?post=1972"}],"version-history":[{"count":6,"href":"https:\/\/www.basaksehirvadiyaka.com\/index.php\/wp-json\/wp\/v2\/pages\/1972\/revisions"}],"predecessor-version":[{"id":1981,"href":"https:\/\/www.basaksehirvadiyaka.com\/index.php\/wp-json\/wp\/v2\/pages\/1972\/revisions\/1981"}],"wp:attachment":[{"href":"https:\/\/www.basaksehirvadiyaka.com\/index.php\/wp-json\/wp\/v2\/media?parent=1972"}],"curies":[{"name":"wp","href":"https:\/\/api.w.org\/{rel}","templated":true}]}}